{"id":108,"date":"2022-02-10T20:41:40","date_gmt":"2022-02-10T20:41:40","guid":{"rendered":"https:\/\/ortocia.com.br\/ortocia\/?page_id=108"},"modified":"2022-02-15T19:26:06","modified_gmt":"2022-02-15T19:26:06","slug":"sac-ouvidoria","status":"publish","type":"page","link":"https:\/\/ortocia.com.br\/ortocia\/conheca\/sac-ouvidoria\/","title":{"rendered":"SAC. Ouvidoria"},"content":{"rendered":"\t\t<div data-elementor-type=\"wp-page\" data-elementor-id=\"108\" class=\"elementor elementor-108\" data-elementor-post-type=\"page\">\n\t\t\t\t\t\t<section class=\"elementor-section elementor-top-section elementor-element elementor-element-2fe9e7a elementor-section-height-full elementor-section-items-top elementor-section-boxed elementor-section-height-default\" data-id=\"2fe9e7a\" data-element_type=\"section\" data-settings=\"{&quot;background_background&quot;:&quot;classic&quot;,&quot;jet_parallax_layout_list&quot;:[{&quot;jet_parallax_layout_image&quot;:{&quot;url&quot;:&quot;&quot;,&quot;id&quot;:&quot;&quot;,&quot;size&quot;:&quot;&quot;},&quot;_id&quot;:&quot;3a6b77d&quot;,&quot;jet_parallax_layout_image_tablet&quot;:{&quot;url&quot;:&quot;&quot;,&quot;id&quot;:&quot;&quot;,&quot;size&quot;:&quot;&quot;},&quot;jet_parallax_layout_image_mobile&quot;:{&quot;url&quot;:&quot;&quot;,&quot;id&quot;:&quot;&quot;,&quot;size&quot;:&quot;&quot;},&quot;jet_parallax_layout_speed&quot;:{&quot;unit&quot;:&quot;%&quot;,&quot;size&quot;:50,&quot;sizes&quot;:[]},&quot;jet_parallax_layout_type&quot;:&quot;scroll&quot;,&quot;jet_parallax_layout_direction&quot;:null,&quot;jet_parallax_layout_fx_direction&quot;:null,&quot;jet_parallax_layout_z_index&quot;:&quot;&quot;,&quot;jet_parallax_layout_bg_x&quot;:50,&quot;jet_parallax_layout_bg_x_tablet&quot;:&quot;&quot;,&quot;jet_parallax_layout_bg_x_mobile&quot;:&quot;&quot;,&quot;jet_parallax_layout_bg_y&quot;:50,&quot;jet_parallax_layout_bg_y_tablet&quot;:&quot;&quot;,&quot;jet_parallax_layout_bg_y_mobile&quot;:&quot;&quot;,&quot;jet_parallax_layout_bg_size&quot;:&quot;auto&quot;,&quot;jet_parallax_layout_bg_size_tablet&quot;:&quot;&quot;,&quot;jet_parallax_layout_bg_size_mobile&quot;:&quot;&quot;,&quot;jet_parallax_layout_animation_prop&quot;:&quot;transform&quot;,&quot;jet_parallax_layout_on&quot;:[&quot;desktop&quot;,&quot;tablet&quot;]}]}\">\n\t\t\t\t\t\t\t<div class=\"elementor-background-overlay\"><\/div>\n\t\t\t\t\t\t\t<div class=\"elementor-container elementor-column-gap-wider\">\n\t\t\t\t\t<div class=\"elementor-column elementor-col-50 elementor-top-column elementor-element elementor-element-6af39fa\" data-id=\"6af39fa\" data-element_type=\"column\">\n\t\t\t<div class=\"elementor-widget-wrap elementor-element-populated\">\n\t\t\t\t\t\t<div class=\"elementor-element elementor-element-e9d8235 elementor-widget elementor-widget-spacer\" data-id=\"e9d8235\" data-element_type=\"widget\" data-widget_type=\"spacer.default\">\n\t\t\t\t<div class=\"elementor-widget-container\">\n\t\t\t<style>\/*! elementor - v3.22.0 - 17-06-2024 *\/\n.elementor-column .elementor-spacer-inner{height:var(--spacer-size)}.e-con{--container-widget-width:100%}.e-con-inner>.elementor-widget-spacer,.e-con>.elementor-widget-spacer{width:var(--container-widget-width,var(--spacer-size));--align-self:var(--container-widget-align-self,initial);--flex-shrink:0}.e-con-inner>.elementor-widget-spacer>.elementor-widget-container,.e-con>.elementor-widget-spacer>.elementor-widget-container{height:100%;width:100%}.e-con-inner>.elementor-widget-spacer>.elementor-widget-container>.elementor-spacer,.e-con>.elementor-widget-spacer>.elementor-widget-container>.elementor-spacer{height:100%}.e-con-inner>.elementor-widget-spacer>.elementor-widget-container>.elementor-spacer>.elementor-spacer-inner,.e-con>.elementor-widget-spacer>.elementor-widget-container>.elementor-spacer>.elementor-spacer-inner{height:var(--container-widget-height,var(--spacer-size))}.e-con-inner>.elementor-widget-spacer.elementor-widget-empty,.e-con>.elementor-widget-spacer.elementor-widget-empty{position:relative;min-height:22px;min-width:22px}.e-con-inner>.elementor-widget-spacer.elementor-widget-empty .elementor-widget-empty-icon,.e-con>.elementor-widget-spacer.elementor-widget-empty .elementor-widget-empty-icon{position:absolute;top:0;bottom:0;left:0;right:0;margin:auto;padding:0;width:22px;height:22px}<\/style>\t\t<div class=\"elementor-spacer\">\n\t\t\t<div class=\"elementor-spacer-inner\"><\/div>\n\t\t<\/div>\n\t\t\t\t<\/div>\n\t\t\t\t<\/div>\n\t\t\t\t<div class=\"elementor-element elementor-element-d363632 elementor-widget elementor-widget-heading\" data-id=\"d363632\" data-element_type=\"widget\" data-widget_type=\"heading.default\">\n\t\t\t\t<div class=\"elementor-widget-container\">\n\t\t\t<style>\/*! elementor - v3.22.0 - 17-06-2024 *\/\n.elementor-heading-title{padding:0;margin:0;line-height:1}.elementor-widget-heading .elementor-heading-title[class*=elementor-size-]>a{color:inherit;font-size:inherit;line-height:inherit}.elementor-widget-heading .elementor-heading-title.elementor-size-small{font-size:15px}.elementor-widget-heading .elementor-heading-title.elementor-size-medium{font-size:19px}.elementor-widget-heading .elementor-heading-title.elementor-size-large{font-size:29px}.elementor-widget-heading .elementor-heading-title.elementor-size-xl{font-size:39px}.elementor-widget-heading .elementor-heading-title.elementor-size-xxl{font-size:59px}<\/style><h2 class=\"elementor-heading-title elementor-size-default\">SAC. Ouvidoria<\/h2>\t\t<\/div>\n\t\t\t\t<\/div>\n\t\t\t\t<div class=\"elementor-element elementor-element-a43bda1 elementor-widget elementor-widget-text-editor\" data-id=\"a43bda1\" data-element_type=\"widget\" data-widget_type=\"text-editor.default\">\n\t\t\t\t<div class=\"elementor-widget-container\">\n\t\t\t<style>\/*! elementor - v3.22.0 - 17-06-2024 *\/\n.elementor-widget-text-editor.elementor-drop-cap-view-stacked .elementor-drop-cap{background-color:#69727d;color:#fff}.elementor-widget-text-editor.elementor-drop-cap-view-framed .elementor-drop-cap{color:#69727d;border:3px solid;background-color:transparent}.elementor-widget-text-editor:not(.elementor-drop-cap-view-default) .elementor-drop-cap{margin-top:8px}.elementor-widget-text-editor:not(.elementor-drop-cap-view-default) .elementor-drop-cap-letter{width:1em;height:1em}.elementor-widget-text-editor .elementor-drop-cap{float:left;text-align:center;line-height:1;font-size:50px}.elementor-widget-text-editor .elementor-drop-cap-letter{display:inline-block}<\/style>\t\t\t\t<p>Este \u00e9 um canal para atendimento priorit\u00e1rio de reclama\u00e7\u00f5es, cr\u00edticas e sugest\u00f5es. Garantimos o sigilo das informa\u00e7\u00f5es e a privacidade dos dados pessoais. Quero sempre que voc\u00ea tenha um atendimento com excel\u00eancia.\u00a0<\/p>\t\t\t\t\t\t<\/div>\n\t\t\t\t<\/div>\n\t\t\t\t\t<\/div>\n\t\t<\/div>\n\t\t\t\t<div class=\"elementor-column elementor-col-50 elementor-top-column elementor-element elementor-element-272fa14\" data-id=\"272fa14\" data-element_type=\"column\">\n\t\t\t<div class=\"elementor-widget-wrap elementor-element-populated\">\n\t\t\t\t\t\t<div class=\"elementor-element elementor-element-1dcbfef elementor-widget elementor-widget-shortcode\" data-id=\"1dcbfef\" data-element_type=\"widget\" data-widget_type=\"shortcode.default\">\n\t\t\t\t<div class=\"elementor-widget-container\">\n\t\t\t\t\t<div class=\"elementor-shortcode\">\n<div class=\"wpcf7 no-js\" id=\"wpcf7-f748-o1\" lang=\"pt-BR\" dir=\"ltr\">\n<div class=\"screen-reader-response\"><p role=\"status\" aria-live=\"polite\" aria-atomic=\"true\"><\/p> <ul><\/ul><\/div>\n<form action=\"\/ortocia\/wp-json\/wp\/v2\/pages\/108#wpcf7-f748-o1\" method=\"post\" class=\"wpcf7-form init\" aria-label=\"Formul\u00e1rios de contato\" novalidate=\"novalidate\" data-status=\"init\">\n<div style=\"display: none;\">\n<input type=\"hidden\" name=\"_wpcf7\" value=\"748\" \/>\n<input type=\"hidden\" name=\"_wpcf7_version\" value=\"5.9.8\" \/>\n<input type=\"hidden\" name=\"_wpcf7_locale\" value=\"pt_BR\" \/>\n<input type=\"hidden\" name=\"_wpcf7_unit_tag\" value=\"wpcf7-f748-o1\" \/>\n<input type=\"hidden\" name=\"_wpcf7_container_post\" value=\"0\" \/>\n<input type=\"hidden\" name=\"_wpcf7_posted_data_hash\" value=\"\" \/>\n<\/div>\n<p><label> Seu nome<br \/>\n<span class=\"wpcf7-form-control-wrap\" data-name=\"your-name\"><input size=\"40\" maxlength=\"400\" class=\"wpcf7-form-control wpcf7-text wpcf7-validates-as-required\" aria-required=\"true\" aria-invalid=\"false\" value=\"\" type=\"text\" name=\"your-name\" \/><\/span> <\/label>\n<\/p>\n<p><label> Seu e-mail<br \/>\n<span class=\"wpcf7-form-control-wrap\" data-name=\"your-email\"><input size=\"40\" maxlength=\"400\" class=\"wpcf7-form-control wpcf7-email wpcf7-validates-as-required wpcf7-text wpcf7-validates-as-email\" aria-required=\"true\" aria-invalid=\"false\" value=\"\" type=\"email\" name=\"your-email\" \/><\/span> <\/label>\n<\/p>\n<p><label> Qual o assunto?<br \/>\n<span class=\"wpcf7-form-control-wrap\" data-name=\"your-subject\"><input size=\"40\" maxlength=\"400\" class=\"wpcf7-form-control wpcf7-text wpcf7-validates-as-required\" aria-required=\"true\" aria-invalid=\"false\" value=\"\" type=\"text\" name=\"your-subject\" \/><\/span> <\/label>\n<\/p>\n<p><label> Em que podemos ajudar?<br \/>\n<span class=\"wpcf7-form-control-wrap\" data-name=\"your-message\"><textarea cols=\"40\" rows=\"10\" maxlength=\"2000\" class=\"wpcf7-form-control wpcf7-textarea\" aria-invalid=\"false\" name=\"your-message\"><\/textarea><\/span> <\/label>\n<\/p>\n<p><input class=\"wpcf7-form-control wpcf7-submit has-spinner\" type=\"submit\" value=\"Enviar\" \/>\n<\/p><div class=\"wpcf7-response-output\" aria-hidden=\"true\"><\/div>\n<\/form>\n<\/div>\n<\/div>\n\t\t\t\t<\/div>\n\t\t\t\t<\/div>\n\t\t\t\t\t<\/div>\n\t\t<\/div>\n\t\t\t\t\t<\/div>\n\t\t<\/section>\n\t\t\t\t<\/div>\n\t\t","protected":false},"excerpt":{"rendered":"<p>SAC. Ouvidoria Este \u00e9 um canal para atendimento priorit\u00e1rio de reclama\u00e7\u00f5es, cr\u00edticas e sugest\u00f5es. Garantimos o sigilo das informa\u00e7\u00f5es e a privacidade dos dados pessoais. Quero sempre que voc\u00ea tenha um atendimento com excel\u00eancia.\u00a0<\/p>\n","protected":false},"author":1,"featured_media":0,"parent":104,"menu_order":0,"comment_status":"closed","ping_status":"closed","template":"page-templates\/template-pagebuilder-full-width.php","meta":{"_yoast_wpseo_focuskw":"","_yoast_wpseo_title":"","_yoast_wpseo_metadesc":"","neve_meta_sidebar":"","neve_meta_container":"","neve_meta_enable_content_width":"","neve_meta_content_width":0,"neve_meta_title_alignment":"","neve_meta_author_avatar":"","neve_post_elements_order":"","neve_meta_disable_header":"","neve_meta_disable_footer":"","neve_meta_disable_title":"","footnotes":""},"class_list":["post-108","page","type-page","status-publish","hentry"],"yoast_head":"<!-- This site is optimized with the Yoast SEO Premium plugin v18.3 (Yoast SEO v23.4) - https:\/\/yoast.com\/wordpress\/plugins\/seo\/ -->\n<title>SAC. Ouvidoria - Ortocia<\/title>\n<meta name=\"robots\" content=\"index, follow, max-snippet:-1, max-image-preview:large, max-video-preview:-1\" \/>\n<link rel=\"canonical\" href=\"https:\/\/ortocia.com.br\/ortocia\/conheca\/sac-ouvidoria\/\" \/>\n<meta property=\"og:locale\" content=\"pt_BR\" \/>\n<meta property=\"og:type\" content=\"article\" \/>\n<meta property=\"og:title\" content=\"SAC. Ouvidoria\" \/>\n<meta property=\"og:description\" content=\"SAC. Ouvidoria Este \u00e9 um canal para atendimento priorit\u00e1rio de reclama\u00e7\u00f5es, cr\u00edticas e sugest\u00f5es. Garantimos o sigilo das informa\u00e7\u00f5es e a privacidade dos dados pessoais. Quero sempre que voc\u00ea tenha um atendimento com excel\u00eancia.\u00a0\" \/>\n<meta property=\"og:url\" content=\"https:\/\/ortocia.com.br\/ortocia\/conheca\/sac-ouvidoria\/\" \/>\n<meta property=\"og:site_name\" content=\"Ortocia\" \/>\n<meta property=\"article:modified_time\" content=\"2022-02-15T19:26:06+00:00\" \/>\n<meta name=\"twitter:card\" content=\"summary_large_image\" \/>\n<meta name=\"twitter:label1\" content=\"Est. tempo de leitura\" \/>\n\t<meta name=\"twitter:data1\" content=\"1 minuto\" \/>\n<script type=\"application\/ld+json\" class=\"yoast-schema-graph\">{\"@context\":\"https:\/\/schema.org\",\"@graph\":[{\"@type\":\"WebPage\",\"@id\":\"https:\/\/ortocia.com.br\/ortocia\/conheca\/sac-ouvidoria\/\",\"url\":\"https:\/\/ortocia.com.br\/ortocia\/conheca\/sac-ouvidoria\/\",\"name\":\"SAC. Ouvidoria - Ortocia\",\"isPartOf\":{\"@id\":\"https:\/\/ortocia.com.br\/ortocia\/#website\"},\"datePublished\":\"2022-02-10T20:41:40+00:00\",\"dateModified\":\"2022-02-15T19:26:06+00:00\",\"breadcrumb\":{\"@id\":\"https:\/\/ortocia.com.br\/ortocia\/conheca\/sac-ouvidoria\/#breadcrumb\"},\"inLanguage\":\"pt-BR\",\"potentialAction\":[{\"@type\":\"ReadAction\",\"target\":[\"https:\/\/ortocia.com.br\/ortocia\/conheca\/sac-ouvidoria\/\"]}]},{\"@type\":\"BreadcrumbList\",\"@id\":\"https:\/\/ortocia.com.br\/ortocia\/conheca\/sac-ouvidoria\/#breadcrumb\",\"itemListElement\":[{\"@type\":\"ListItem\",\"position\":1,\"name\":\"In\u00edcio\",\"item\":\"https:\/\/ortocia.com.br\/ortocia\/\"},{\"@type\":\"ListItem\",\"position\":2,\"name\":\"Conhe\u00e7a\",\"item\":\"https:\/\/ortocia.com.br\/ortocia\/conheca\/\"},{\"@type\":\"ListItem\",\"position\":3,\"name\":\"SAC. Ouvidoria\"}]},{\"@type\":\"WebSite\",\"@id\":\"https:\/\/ortocia.com.br\/ortocia\/#website\",\"url\":\"https:\/\/ortocia.com.br\/ortocia\/\",\"name\":\"Ortocia\",\"description\":\"Cl\u00ednicas M\u00e9dicas Odontol\u00f3gicas\",\"potentialAction\":[{\"@type\":\"SearchAction\",\"target\":{\"@type\":\"EntryPoint\",\"urlTemplate\":\"https:\/\/ortocia.com.br\/ortocia\/?s={search_term_string}\"},\"query-input\":{\"@type\":\"PropertyValueSpecification\",\"valueRequired\":true,\"valueName\":\"search_term_string\"}}],\"inLanguage\":\"pt-BR\"}]}<\/script>\n<!-- \/ Yoast SEO Premium plugin. -->","yoast_head_json":{"title":"SAC. Ouvidoria - Ortocia","robots":{"index":"index","follow":"follow","max-snippet":"max-snippet:-1","max-image-preview":"max-image-preview:large","max-video-preview":"max-video-preview:-1"},"canonical":"https:\/\/ortocia.com.br\/ortocia\/conheca\/sac-ouvidoria\/","og_locale":"pt_BR","og_type":"article","og_title":"SAC. Ouvidoria","og_description":"SAC. Ouvidoria Este \u00e9 um canal para atendimento priorit\u00e1rio de reclama\u00e7\u00f5es, cr\u00edticas e sugest\u00f5es. Garantimos o sigilo das informa\u00e7\u00f5es e a privacidade dos dados pessoais. Quero sempre que voc\u00ea tenha um atendimento com excel\u00eancia.\u00a0","og_url":"https:\/\/ortocia.com.br\/ortocia\/conheca\/sac-ouvidoria\/","og_site_name":"Ortocia","article_modified_time":"2022-02-15T19:26:06+00:00","twitter_card":"summary_large_image","twitter_misc":{"Est. tempo de leitura":"1 minuto"},"schema":{"@context":"https:\/\/schema.org","@graph":[{"@type":"WebPage","@id":"https:\/\/ortocia.com.br\/ortocia\/conheca\/sac-ouvidoria\/","url":"https:\/\/ortocia.com.br\/ortocia\/conheca\/sac-ouvidoria\/","name":"SAC. Ouvidoria - Ortocia","isPartOf":{"@id":"https:\/\/ortocia.com.br\/ortocia\/#website"},"datePublished":"2022-02-10T20:41:40+00:00","dateModified":"2022-02-15T19:26:06+00:00","breadcrumb":{"@id":"https:\/\/ortocia.com.br\/ortocia\/conheca\/sac-ouvidoria\/#breadcrumb"},"inLanguage":"pt-BR","potentialAction":[{"@type":"ReadAction","target":["https:\/\/ortocia.com.br\/ortocia\/conheca\/sac-ouvidoria\/"]}]},{"@type":"BreadcrumbList","@id":"https:\/\/ortocia.com.br\/ortocia\/conheca\/sac-ouvidoria\/#breadcrumb","itemListElement":[{"@type":"ListItem","position":1,"name":"In\u00edcio","item":"https:\/\/ortocia.com.br\/ortocia\/"},{"@type":"ListItem","position":2,"name":"Conhe\u00e7a","item":"https:\/\/ortocia.com.br\/ortocia\/conheca\/"},{"@type":"ListItem","position":3,"name":"SAC. Ouvidoria"}]},{"@type":"WebSite","@id":"https:\/\/ortocia.com.br\/ortocia\/#website","url":"https:\/\/ortocia.com.br\/ortocia\/","name":"Ortocia","description":"Cl\u00ednicas M\u00e9dicas Odontol\u00f3gicas","potentialAction":[{"@type":"SearchAction","target":{"@type":"EntryPoint","urlTemplate":"https:\/\/ortocia.com.br\/ortocia\/?s={search_term_string}"},"query-input":{"@type":"PropertyValueSpecification","valueRequired":true,"valueName":"search_term_string"}}],"inLanguage":"pt-BR"}]}},"_links":{"self":[{"href":"https:\/\/ortocia.com.br\/ortocia\/wp-json\/wp\/v2\/pages\/108","targetHints":{"allow":["GET"]}}],"collection":[{"href":"https:\/\/ortocia.com.br\/ortocia\/wp-json\/wp\/v2\/pages"}],"about":[{"href":"https:\/\/ortocia.com.br\/ortocia\/wp-json\/wp\/v2\/types\/page"}],"author":[{"embeddable":true,"href":"https:\/\/ortocia.com.br\/ortocia\/wp-json\/wp\/v2\/users\/1"}],"replies":[{"embeddable":true,"href":"https:\/\/ortocia.com.br\/ortocia\/wp-json\/wp\/v2\/comments?post=108"}],"version-history":[{"count":10,"href":"https:\/\/ortocia.com.br\/ortocia\/wp-json\/wp\/v2\/pages\/108\/revisions"}],"predecessor-version":[{"id":754,"href":"https:\/\/ortocia.com.br\/ortocia\/wp-json\/wp\/v2\/pages\/108\/revisions\/754"}],"up":[{"embeddable":true,"href":"https:\/\/ortocia.com.br\/ortocia\/wp-json\/wp\/v2\/pages\/104"}],"wp:attachment":[{"href":"https:\/\/ortocia.com.br\/ortocia\/wp-json\/wp\/v2\/media?parent=108"}],"curies":[{"name":"wp","href":"https:\/\/api.w.org\/{rel}","templated":true}]}}