{"id":111,"date":"2022-02-10T20:41:48","date_gmt":"2022-02-10T20:41:48","guid":{"rendered":"https:\/\/ortocia.com.br\/ortocia\/?page_id=111"},"modified":"2022-06-10T14:02:05","modified_gmt":"2022-06-10T14:02:05","slug":"seja-um-franqueado","status":"publish","type":"page","link":"https:\/\/ortocia.com.br\/ortocia\/conheca\/seja-um-franqueado\/","title":{"rendered":"Seja um franqueado"},"content":{"rendered":"\t\t<div data-elementor-type=\"wp-page\" data-elementor-id=\"111\" class=\"elementor elementor-111\" data-elementor-post-type=\"page\">\n\t\t\t\t\t\t<section class=\"elementor-section elementor-top-section elementor-element elementor-element-2fe9e7a elementor-section-height-min-height elementor-section-boxed elementor-section-height-default elementor-section-items-middle\" data-id=\"2fe9e7a\" data-element_type=\"section\" data-settings=\"{&quot;background_background&quot;:&quot;classic&quot;,&quot;jet_parallax_layout_list&quot;:[{&quot;jet_parallax_layout_image&quot;:{&quot;url&quot;:&quot;&quot;,&quot;id&quot;:&quot;&quot;,&quot;size&quot;:&quot;&quot;},&quot;_id&quot;:&quot;3a6b77d&quot;,&quot;jet_parallax_layout_image_tablet&quot;:{&quot;url&quot;:&quot;&quot;,&quot;id&quot;:&quot;&quot;,&quot;size&quot;:&quot;&quot;},&quot;jet_parallax_layout_image_mobile&quot;:{&quot;url&quot;:&quot;&quot;,&quot;id&quot;:&quot;&quot;,&quot;size&quot;:&quot;&quot;},&quot;jet_parallax_layout_speed&quot;:{&quot;unit&quot;:&quot;%&quot;,&quot;size&quot;:50,&quot;sizes&quot;:[]},&quot;jet_parallax_layout_type&quot;:&quot;scroll&quot;,&quot;jet_parallax_layout_direction&quot;:null,&quot;jet_parallax_layout_fx_direction&quot;:null,&quot;jet_parallax_layout_z_index&quot;:&quot;&quot;,&quot;jet_parallax_layout_bg_x&quot;:50,&quot;jet_parallax_layout_bg_x_tablet&quot;:&quot;&quot;,&quot;jet_parallax_layout_bg_x_mobile&quot;:&quot;&quot;,&quot;jet_parallax_layout_bg_y&quot;:50,&quot;jet_parallax_layout_bg_y_tablet&quot;:&quot;&quot;,&quot;jet_parallax_layout_bg_y_mobile&quot;:&quot;&quot;,&quot;jet_parallax_layout_bg_size&quot;:&quot;auto&quot;,&quot;jet_parallax_layout_bg_size_tablet&quot;:&quot;&quot;,&quot;jet_parallax_layout_bg_size_mobile&quot;:&quot;&quot;,&quot;jet_parallax_layout_animation_prop&quot;:&quot;transform&quot;,&quot;jet_parallax_layout_on&quot;:[&quot;desktop&quot;,&quot;tablet&quot;]}]}\">\n\t\t\t\t\t\t\t<div class=\"elementor-background-overlay\"><\/div>\n\t\t\t\t\t\t\t<div class=\"elementor-container elementor-column-gap-default\">\n\t\t\t\t\t<div class=\"elementor-column elementor-col-100 elementor-top-column elementor-element elementor-element-6af39fa\" data-id=\"6af39fa\" data-element_type=\"column\">\n\t\t\t<div class=\"elementor-widget-wrap elementor-element-populated\">\n\t\t\t\t\t\t<div class=\"elementor-element elementor-element-f59d833 elementor-widget elementor-widget-heading\" data-id=\"f59d833\" data-element_type=\"widget\" data-widget_type=\"heading.default\">\n\t\t\t\t<div class=\"elementor-widget-container\">\n\t\t\t<style>\/*! elementor - v3.22.0 - 17-06-2024 *\/\n.elementor-heading-title{padding:0;margin:0;line-height:1}.elementor-widget-heading .elementor-heading-title[class*=elementor-size-]>a{color:inherit;font-size:inherit;line-height:inherit}.elementor-widget-heading .elementor-heading-title.elementor-size-small{font-size:15px}.elementor-widget-heading .elementor-heading-title.elementor-size-medium{font-size:19px}.elementor-widget-heading .elementor-heading-title.elementor-size-large{font-size:29px}.elementor-widget-heading .elementor-heading-title.elementor-size-xl{font-size:39px}.elementor-widget-heading .elementor-heading-title.elementor-size-xxl{font-size:59px}<\/style><h2 class=\"elementor-heading-title elementor-size-default\">Seja um franqueado<\/h2>\t\t<\/div>\n\t\t\t\t<\/div>\n\t\t\t\t<section class=\"elementor-section elementor-inner-section elementor-element elementor-element-36095c8 elementor-section-boxed elementor-section-height-default elementor-section-height-default\" data-id=\"36095c8\" data-element_type=\"section\" data-settings=\"{&quot;jet_parallax_layout_list&quot;:[{&quot;jet_parallax_layout_image&quot;:{&quot;url&quot;:&quot;&quot;,&quot;id&quot;:&quot;&quot;,&quot;size&quot;:&quot;&quot;},&quot;_id&quot;:&quot;1c4152b&quot;,&quot;jet_parallax_layout_image_tablet&quot;:{&quot;url&quot;:&quot;&quot;,&quot;id&quot;:&quot;&quot;,&quot;size&quot;:&quot;&quot;},&quot;jet_parallax_layout_image_mobile&quot;:{&quot;url&quot;:&quot;&quot;,&quot;id&quot;:&quot;&quot;,&quot;size&quot;:&quot;&quot;},&quot;jet_parallax_layout_speed&quot;:{&quot;unit&quot;:&quot;%&quot;,&quot;size&quot;:50,&quot;sizes&quot;:[]},&quot;jet_parallax_layout_type&quot;:&quot;scroll&quot;,&quot;jet_parallax_layout_direction&quot;:null,&quot;jet_parallax_layout_fx_direction&quot;:null,&quot;jet_parallax_layout_z_index&quot;:&quot;&quot;,&quot;jet_parallax_layout_bg_x&quot;:50,&quot;jet_parallax_layout_bg_x_tablet&quot;:&quot;&quot;,&quot;jet_parallax_layout_bg_x_mobile&quot;:&quot;&quot;,&quot;jet_parallax_layout_bg_y&quot;:50,&quot;jet_parallax_layout_bg_y_tablet&quot;:&quot;&quot;,&quot;jet_parallax_layout_bg_y_mobile&quot;:&quot;&quot;,&quot;jet_parallax_layout_bg_size&quot;:&quot;auto&quot;,&quot;jet_parallax_layout_bg_size_tablet&quot;:&quot;&quot;,&quot;jet_parallax_layout_bg_size_mobile&quot;:&quot;&quot;,&quot;jet_parallax_layout_animation_prop&quot;:&quot;transform&quot;,&quot;jet_parallax_layout_on&quot;:[&quot;desktop&quot;,&quot;tablet&quot;]}]}\">\n\t\t\t\t\t\t<div class=\"elementor-container elementor-column-gap-default\">\n\t\t\t\t\t<div class=\"elementor-column elementor-col-50 elementor-inner-column elementor-element elementor-element-51d9cef\" data-id=\"51d9cef\" data-element_type=\"column\">\n\t\t\t<div class=\"elementor-widget-wrap elementor-element-populated\">\n\t\t\t\t\t\t<div class=\"elementor-element elementor-element-a5a3940 elementor-widget elementor-widget-image\" data-id=\"a5a3940\" data-element_type=\"widget\" data-widget_type=\"image.default\">\n\t\t\t\t<div class=\"elementor-widget-container\">\n\t\t\t<style>\/*! elementor - v3.22.0 - 17-06-2024 *\/\n.elementor-widget-image{text-align:center}.elementor-widget-image a{display:inline-block}.elementor-widget-image a img[src$=\".svg\"]{width:48px}.elementor-widget-image img{vertical-align:middle;display:inline-block}<\/style>\t\t\t\t\t\t\t\t\t\t\t<a href=\"https:\/\/ortocia.com.br\/ortocia\/wp-content\/uploads\/2022\/06\/11-003137-Ortocia-Rede-de-Franquias.pdf\">\n\t\t\t\t\t\t\t<img fetchpriority=\"high\" decoding=\"async\" width=\"500\" height=\"340\" src=\"https:\/\/ortocia.com.br\/ortocia\/wp-content\/uploads\/2022\/06\/modelodenegociostranspa-1.png\" class=\"attachment-large size-large wp-image-2326\" alt=\"\" srcset=\"https:\/\/ortocia.com.br\/ortocia\/wp-content\/uploads\/2022\/06\/modelodenegociostranspa-1.png 500w, https:\/\/ortocia.com.br\/ortocia\/wp-content\/uploads\/2022\/06\/modelodenegociostranspa-1-300x204.png 300w\" sizes=\"(max-width: 500px) 100vw, 500px\" \/>\t\t\t\t\t\t\t\t<\/a>\n\t\t\t\t\t\t\t\t\t\t\t\t\t<\/div>\n\t\t\t\t<\/div>\n\t\t\t\t\t<\/div>\n\t\t<\/div>\n\t\t\t\t<div class=\"elementor-column elementor-col-50 elementor-inner-column elementor-element elementor-element-dddfcb2\" data-id=\"dddfcb2\" data-element_type=\"column\">\n\t\t\t<div class=\"elementor-widget-wrap elementor-element-populated\">\n\t\t\t\t\t\t<div class=\"elementor-element elementor-element-251b5a2 elementor-align-justify elementor-mobile-align-justify elementor-widget elementor-widget-button\" data-id=\"251b5a2\" data-element_type=\"widget\" data-widget_type=\"button.default\">\n\t\t\t\t<div class=\"elementor-widget-container\">\n\t\t\t\t\t<div class=\"elementor-button-wrapper\">\n\t\t\t<a class=\"elementor-button elementor-button-link elementor-size-md\" href=\"https:\/\/ortocia.com.br\/ortocia\/wp-content\/uploads\/2022\/06\/11-003137-Ortocia-Rede-de-Franquias.pdf\">\n\t\t\t\t\t\t<span class=\"elementor-button-content-wrapper\">\n\t\t\t\t\t\t\t\t\t<span class=\"elementor-button-text\">Download da apresenta\u00e7\u00e3o<\/span>\n\t\t\t\t\t<\/span>\n\t\t\t\t\t<\/a>\n\t\t<\/div>\n\t\t\t\t<\/div>\n\t\t\t\t<\/div>\n\t\t\t\t<div class=\"elementor-element elementor-element-056bf0f elementor-align-justify elementor-mobile-align-justify elementor-widget elementor-widget-button\" data-id=\"056bf0f\" data-element_type=\"widget\" data-widget_type=\"button.default\">\n\t\t\t\t<div class=\"elementor-widget-container\">\n\t\t\t\t\t<div class=\"elementor-button-wrapper\">\n\t\t\t<a class=\"elementor-button elementor-button-link elementor-size-md\" href=\"https:\/\/api.whatsapp.com\/send?phone=5511973682227&#038;text=Gostaria%20de%20mais%20informa%C3%A7%C3%B5es%20sobre%20a%20Rede%20Ortocia.%20\">\n\t\t\t\t\t\t<span class=\"elementor-button-content-wrapper\">\n\t\t\t\t\t\t\t\t\t<span class=\"elementor-button-text\">Fale com nossa equipe<\/span>\n\t\t\t\t\t<\/span>\n\t\t\t\t\t<\/a>\n\t\t<\/div>\n\t\t\t\t<\/div>\n\t\t\t\t<\/div>\n\t\t\t\t\t<\/div>\n\t\t<\/div>\n\t\t\t\t\t<\/div>\n\t\t<\/section>\n\t\t\t\t\t<\/div>\n\t\t<\/div>\n\t\t\t\t\t<\/div>\n\t\t<\/section>\n\t\t\t\t<\/div>\n\t\t","protected":false},"excerpt":{"rendered":"<p>Seja um franqueado Download da apresenta\u00e7\u00e3o Fale com nossa equipe<\/p>\n","protected":false},"author":1,"featured_media":0,"parent":104,"menu_order":0,"comment_status":"closed","ping_status":"closed","template":"page-templates\/template-pagebuilder-full-width.php","meta":{"_yoast_wpseo_focuskw":"","_yoast_wpseo_title":"","_yoast_wpseo_metadesc":"","neve_meta_sidebar":"","neve_meta_container":"","neve_meta_enable_content_width":"","neve_meta_content_width":0,"neve_meta_title_alignment":"","neve_meta_author_avatar":"","neve_post_elements_order":"","neve_meta_disable_header":"","neve_meta_disable_footer":"","neve_meta_disable_title":"","footnotes":""},"class_list":["post-111","page","type-page","status-publish","hentry"],"yoast_head":"<!-- This site is optimized with the Yoast SEO Premium plugin v18.3 (Yoast SEO v23.4) - https:\/\/yoast.com\/wordpress\/plugins\/seo\/ -->\n<title>Seja um franqueado - Ortocia<\/title>\n<meta name=\"robots\" content=\"index, follow, max-snippet:-1, max-image-preview:large, max-video-preview:-1\" \/>\n<link rel=\"canonical\" href=\"https:\/\/ortocia.com.br\/ortocia\/conheca\/seja-um-franqueado\/\" \/>\n<meta property=\"og:locale\" content=\"pt_BR\" \/>\n<meta property=\"og:type\" content=\"article\" \/>\n<meta property=\"og:title\" content=\"Seja um franqueado\" \/>\n<meta property=\"og:description\" content=\"Seja um franqueado Download da apresenta\u00e7\u00e3o Fale com nossa equipe\" \/>\n<meta property=\"og:url\" content=\"https:\/\/ortocia.com.br\/ortocia\/conheca\/seja-um-franqueado\/\" \/>\n<meta property=\"og:site_name\" content=\"Ortocia\" \/>\n<meta property=\"article:modified_time\" content=\"2022-06-10T14:02:05+00:00\" \/>\n<meta property=\"og:image\" content=\"https:\/\/ortocia.com.br\/ortocia\/wp-content\/uploads\/2022\/06\/modelodenegociostranspa-1.png\" \/>\n<meta name=\"twitter:card\" content=\"summary_large_image\" \/>\n<meta name=\"twitter:label1\" content=\"Est. tempo de leitura\" \/>\n\t<meta name=\"twitter:data1\" content=\"1 minuto\" \/>\n<script type=\"application\/ld+json\" class=\"yoast-schema-graph\">{\"@context\":\"https:\/\/schema.org\",\"@graph\":[{\"@type\":\"WebPage\",\"@id\":\"https:\/\/ortocia.com.br\/ortocia\/conheca\/seja-um-franqueado\/\",\"url\":\"https:\/\/ortocia.com.br\/ortocia\/conheca\/seja-um-franqueado\/\",\"name\":\"Seja um franqueado - Ortocia\",\"isPartOf\":{\"@id\":\"https:\/\/ortocia.com.br\/ortocia\/#website\"},\"primaryImageOfPage\":{\"@id\":\"https:\/\/ortocia.com.br\/ortocia\/conheca\/seja-um-franqueado\/#primaryimage\"},\"image\":{\"@id\":\"https:\/\/ortocia.com.br\/ortocia\/conheca\/seja-um-franqueado\/#primaryimage\"},\"thumbnailUrl\":\"https:\/\/ortocia.com.br\/ortocia\/wp-content\/uploads\/2022\/06\/modelodenegociostranspa-1.png\",\"datePublished\":\"2022-02-10T20:41:48+00:00\",\"dateModified\":\"2022-06-10T14:02:05+00:00\",\"breadcrumb\":{\"@id\":\"https:\/\/ortocia.com.br\/ortocia\/conheca\/seja-um-franqueado\/#breadcrumb\"},\"inLanguage\":\"pt-BR\",\"potentialAction\":[{\"@type\":\"ReadAction\",\"target\":[\"https:\/\/ortocia.com.br\/ortocia\/conheca\/seja-um-franqueado\/\"]}]},{\"@type\":\"ImageObject\",\"inLanguage\":\"pt-BR\",\"@id\":\"https:\/\/ortocia.com.br\/ortocia\/conheca\/seja-um-franqueado\/#primaryimage\",\"url\":\"https:\/\/ortocia.com.br\/ortocia\/wp-content\/uploads\/2022\/06\/modelodenegociostranspa-1.png\",\"contentUrl\":\"https:\/\/ortocia.com.br\/ortocia\/wp-content\/uploads\/2022\/06\/modelodenegociostranspa-1.png\",\"width\":500,\"height\":340},{\"@type\":\"BreadcrumbList\",\"@id\":\"https:\/\/ortocia.com.br\/ortocia\/conheca\/seja-um-franqueado\/#breadcrumb\",\"itemListElement\":[{\"@type\":\"ListItem\",\"position\":1,\"name\":\"In\u00edcio\",\"item\":\"https:\/\/ortocia.com.br\/ortocia\/\"},{\"@type\":\"ListItem\",\"position\":2,\"name\":\"Conhe\u00e7a\",\"item\":\"https:\/\/ortocia.com.br\/ortocia\/conheca\/\"},{\"@type\":\"ListItem\",\"position\":3,\"name\":\"Seja um franqueado\"}]},{\"@type\":\"WebSite\",\"@id\":\"https:\/\/ortocia.com.br\/ortocia\/#website\",\"url\":\"https:\/\/ortocia.com.br\/ortocia\/\",\"name\":\"Ortocia\",\"description\":\"Cl\u00ednicas M\u00e9dicas Odontol\u00f3gicas\",\"potentialAction\":[{\"@type\":\"SearchAction\",\"target\":{\"@type\":\"EntryPoint\",\"urlTemplate\":\"https:\/\/ortocia.com.br\/ortocia\/?s={search_term_string}\"},\"query-input\":{\"@type\":\"PropertyValueSpecification\",\"valueRequired\":true,\"valueName\":\"search_term_string\"}}],\"inLanguage\":\"pt-BR\"}]}<\/script>\n<!-- \/ Yoast SEO Premium plugin. -->","yoast_head_json":{"title":"Seja um franqueado - Ortocia","robots":{"index":"index","follow":"follow","max-snippet":"max-snippet:-1","max-image-preview":"max-image-preview:large","max-video-preview":"max-video-preview:-1"},"canonical":"https:\/\/ortocia.com.br\/ortocia\/conheca\/seja-um-franqueado\/","og_locale":"pt_BR","og_type":"article","og_title":"Seja um franqueado","og_description":"Seja um franqueado Download da apresenta\u00e7\u00e3o Fale com nossa equipe","og_url":"https:\/\/ortocia.com.br\/ortocia\/conheca\/seja-um-franqueado\/","og_site_name":"Ortocia","article_modified_time":"2022-06-10T14:02:05+00:00","og_image":[{"url":"https:\/\/ortocia.com.br\/ortocia\/wp-content\/uploads\/2022\/06\/modelodenegociostranspa-1.png"}],"twitter_card":"summary_large_image","twitter_misc":{"Est. tempo de leitura":"1 minuto"},"schema":{"@context":"https:\/\/schema.org","@graph":[{"@type":"WebPage","@id":"https:\/\/ortocia.com.br\/ortocia\/conheca\/seja-um-franqueado\/","url":"https:\/\/ortocia.com.br\/ortocia\/conheca\/seja-um-franqueado\/","name":"Seja um franqueado - Ortocia","isPartOf":{"@id":"https:\/\/ortocia.com.br\/ortocia\/#website"},"primaryImageOfPage":{"@id":"https:\/\/ortocia.com.br\/ortocia\/conheca\/seja-um-franqueado\/#primaryimage"},"image":{"@id":"https:\/\/ortocia.com.br\/ortocia\/conheca\/seja-um-franqueado\/#primaryimage"},"thumbnailUrl":"https:\/\/ortocia.com.br\/ortocia\/wp-content\/uploads\/2022\/06\/modelodenegociostranspa-1.png","datePublished":"2022-02-10T20:41:48+00:00","dateModified":"2022-06-10T14:02:05+00:00","breadcrumb":{"@id":"https:\/\/ortocia.com.br\/ortocia\/conheca\/seja-um-franqueado\/#breadcrumb"},"inLanguage":"pt-BR","potentialAction":[{"@type":"ReadAction","target":["https:\/\/ortocia.com.br\/ortocia\/conheca\/seja-um-franqueado\/"]}]},{"@type":"ImageObject","inLanguage":"pt-BR","@id":"https:\/\/ortocia.com.br\/ortocia\/conheca\/seja-um-franqueado\/#primaryimage","url":"https:\/\/ortocia.com.br\/ortocia\/wp-content\/uploads\/2022\/06\/modelodenegociostranspa-1.png","contentUrl":"https:\/\/ortocia.com.br\/ortocia\/wp-content\/uploads\/2022\/06\/modelodenegociostranspa-1.png","width":500,"height":340},{"@type":"BreadcrumbList","@id":"https:\/\/ortocia.com.br\/ortocia\/conheca\/seja-um-franqueado\/#breadcrumb","itemListElement":[{"@type":"ListItem","position":1,"name":"In\u00edcio","item":"https:\/\/ortocia.com.br\/ortocia\/"},{"@type":"ListItem","position":2,"name":"Conhe\u00e7a","item":"https:\/\/ortocia.com.br\/ortocia\/conheca\/"},{"@type":"ListItem","position":3,"name":"Seja um franqueado"}]},{"@type":"WebSite","@id":"https:\/\/ortocia.com.br\/ortocia\/#website","url":"https:\/\/ortocia.com.br\/ortocia\/","name":"Ortocia","description":"Cl\u00ednicas M\u00e9dicas Odontol\u00f3gicas","potentialAction":[{"@type":"SearchAction","target":{"@type":"EntryPoint","urlTemplate":"https:\/\/ortocia.com.br\/ortocia\/?s={search_term_string}"},"query-input":{"@type":"PropertyValueSpecification","valueRequired":true,"valueName":"search_term_string"}}],"inLanguage":"pt-BR"}]}},"_links":{"self":[{"href":"https:\/\/ortocia.com.br\/ortocia\/wp-json\/wp\/v2\/pages\/111","targetHints":{"allow":["GET"]}}],"collection":[{"href":"https:\/\/ortocia.com.br\/ortocia\/wp-json\/wp\/v2\/pages"}],"about":[{"href":"https:\/\/ortocia.com.br\/ortocia\/wp-json\/wp\/v2\/types\/page"}],"author":[{"embeddable":true,"href":"https:\/\/ortocia.com.br\/ortocia\/wp-json\/wp\/v2\/users\/1"}],"replies":[{"embeddable":true,"href":"https:\/\/ortocia.com.br\/ortocia\/wp-json\/wp\/v2\/comments?post=111"}],"version-history":[{"count":22,"href":"https:\/\/ortocia.com.br\/ortocia\/wp-json\/wp\/v2\/pages\/111\/revisions"}],"predecessor-version":[{"id":2329,"href":"https:\/\/ortocia.com.br\/ortocia\/wp-json\/wp\/v2\/pages\/111\/revisions\/2329"}],"up":[{"embeddable":true,"href":"https:\/\/ortocia.com.br\/ortocia\/wp-json\/wp\/v2\/pages\/104"}],"wp:attachment":[{"href":"https:\/\/ortocia.com.br\/ortocia\/wp-json\/wp\/v2\/media?parent=111"}],"curies":[{"name":"wp","href":"https:\/\/api.w.org\/{rel}","templated":true}]}}